{"id":6,"date":"2021-05-11T17:01:03","date_gmt":"2021-05-11T15:01:03","guid":{"rendered":"http:\/\/smsagri.crea.gov.it\/?page_id=6"},"modified":"2026-01-16T09:37:45","modified_gmt":"2026-01-16T08:37:45","slug":"chi-siamo","status":"publish","type":"page","link":"https:\/\/smsagri.crea.gov.it\/index.php\/chi-siamo\/","title":{"rendered":"Chi siamo"},"content":{"rendered":"\n<p><strong>NLP-CREA<\/strong> \u00e8 un&#8217;Attivit\u00e0 del Centro di Ricerca per le Politiche e la Bioeconomia (<a href=\"https:\/\/www.crea.gov.it\/web\/politiche-e-bioeconomia\">CREA-PB<\/a>) all&#8217;interno del Consiglio per la Ricerca in Agricoltura e l\u2019Analisi della Economia Agraria (<a rel=\"noreferrer noopener\" href=\"https:\/\/eur04.safelinks.protection.outlook.com\/?url=https%3A%2F%2Fwww.crea.gov.it%2F&amp;data=04%7C01%7Cmarco.vassallo%40crea.gov.it%7Cf73033b1d76042fcbb9108d9a5467310%7Cd59c04b9bde247f7b1b80be26a568618%7C0%7C0%7C637722544272611013%7CUnknown%7CTWFpbGZsb3d8eyJWIjoiMC4wLjAwMDAiLCJQIjoiV2luMzIiLCJBTiI6Ik1haWwiLCJXVCI6Mn0%3D%7C1000&amp;sdata=CckFfid0klYnEtSXcB8qjLINt37XGwB3ZD8guZc61GI%3D&amp;reserved=0\" target=\"_blank\">CREA<\/a>). NLP sta per <em>Natural Language Processing <\/em>che viene &#8220;comunemente inteso  come la disciplina volta a sviluppare sistemi che eseguono dei compiti linguistici, simulando le competenze e i comportamenti linguistici degli esseri umani&#8221; (Jezek, E. &amp; Sprugnoli, R. . Linguistica computazionale: Introduzione all&#8217;analisi automatica dei testi. Il Mulino, 2023, p.22). Il NLP in italiano viene comunemente tradotto come <em>trattamento automatico del linguaggio naturale<\/em> con tecniche di analisi informatico-computazionali e\/o statistico-computazionali ed anche considerato come sinonimo di <em>linguistica computazionale<\/em>.<\/p>\n\n\n\n<p>Obiettivo dell&#8217;attivit\u00e0 riguarda, quindi, l&#8217;analisi automatica dei dati testuali per fini applicativi riguardanti le pi\u00f9 rilevanti tematiche in Agricoltura. Questi dati vengono raccolti sia dal web che attraverso ricerche <em>ad hoc<\/em>. <\/p>\n\n\n\n<p>La visione strategica di <strong>NLP-CREA<\/strong> vuole, inoltre, focalizzare l\u2019attenzione verso l&#8217;utilizzo e lo sviluppo di tecniche di analisi testuale d&#8217;avanguardia (come quelle dell&#8217;apprendimento automatico, <em>machine learning<\/em>, tipico della <em>Intelligenza Artificiale <\/em>della quale il NLP \u00e8, ad oggi, considerato un&#8217;area di ricerca) per estrarre informazioni sempre pi\u00f9 precise provenienti dal linguaggio scritto e <em>chattato<\/em> in Agricoltura che, in un mondo sempre pi\u00f9 digitalizzato, \u00e8 impossibile ignorare. <\/p>\n\n\n\n<p><strong>NLP-CREA<\/strong> si pone, quindi, in linea con gli obiettivi strategici del Piano Nazionale di Ripresa e Resilienza (PNRR) Italiano ed Europeo per una societ\u00e0 sempre pi\u00f9 digitalizzata e una Pubblica Amministrazione sempre pi\u00f9 al servizio di cittadini e imprese.<\/p>\n\n\n\n<p><strong>Attuali componenti<\/strong>:<\/p>\n\n\n\n<p><strong>Marco Vassallo<\/strong>, primo ricercatore, Centro di ricerca Politiche e Bioeconomia (CREA-PB) (responsabile) &#8211; Statistico sociale, analisi quantitative di strutture latenti, text-mining, sentiment analysis.<\/p>\n\n\n\n<p><strong>Giuliano Gabrieli<\/strong>, Centro di ricerca Politiche e Bioeconomia (CREA-PB) &#8211; Statistico di formazione, data analyst, con esperienza in big data, analisi statistiche, campionamento, text-mining, sentiment analysis.<\/p>\n\n\n\n<p><strong>Mitia Mambella<\/strong>, Centro di ricerca Politiche e Bioeconomia (CREA-PB) &#8211; Ingegnere informatico, analista programmatore senior.<\/p>\n\n\n\n<p><strong>Riccardo Scano<\/strong>, Centro di ricerca &#8211; Agricoltura e Ambiente (CREA-AA) &#8211; Ingegnere informatico,\u00a0con esperienza nel data engineering e nell&#8217;analisi dei dati.<\/p>\n\n\n\n<p><strong>Andrea Di Cesare<\/strong>, Centro di ricerca Politiche e Bioeconomia (CREA-PB) &#8211; Illustratore, grafico pubblicitario, web designer.<\/p>\n\n\n\n<p><strong>Francesco Ambrosini<\/strong>, CREA &#8211; Ufficio Stampa (CREA-US) &#8211; videomaker, grafico, fotografo, web curator.<\/p>\n\n\n\n<p><strong>Domenico Pavone<\/strong>, Centro di ricerca Politiche e Bioeconomia (CREA-PB) &#8211; Coordinatore tecnico-amministrativo Azure  &#8211; CREA &#8211; Virtual Hosting.<\/p>\n\n\n\n<p><strong>Roberta Ioi\u00f2<\/strong>, Centro di ricerca Politiche e Bioeconomia (CREA-PB) &#8211; segreteria tecnico-amministrativa e organizzazione eventi.<\/p>\n","protected":false},"excerpt":{"rendered":"<p>NLP-CREA \u00e8 un&#8217;Attivit\u00e0 del Centro di Ricerca per le Politiche e la Bioeconomia (CREA-PB) all&#8217;interno del Consiglio per la Ricerca in Agricoltura e l\u2019Analisi della Economia Agraria (CREA). NLP sta per Natural Language Processing che viene &#8220;comunemente inteso come la disciplina volta a sviluppare sistemi che eseguono dei compiti linguistici, simulando le competenze e i&hellip; <a class=\"more-link\" href=\"https:\/\/smsagri.crea.gov.it\/index.php\/chi-siamo\/\">Continua a leggere <span class=\"screen-reader-text\">Chi siamo<\/span><\/a><\/p>\n","protected":false},"author":1,"featured_media":0,"parent":0,"menu_order":0,"comment_status":"closed","ping_status":"closed","template":"","meta":{"footnotes":""},"class_list":["post-6","page","type-page","status-publish","hentry","entry"],"_links":{"self":[{"href":"https:\/\/smsagri.crea.gov.it\/index.php\/wp-json\/wp\/v2\/pages\/6","targetHints":{"allow":["GET"]}}],"collection":[{"href":"https:\/\/smsagri.crea.gov.it\/index.php\/wp-json\/wp\/v2\/pages"}],"about":[{"href":"https:\/\/smsagri.crea.gov.it\/index.php\/wp-json\/wp\/v2\/types\/page"}],"author":[{"embeddable":true,"href":"https:\/\/smsagri.crea.gov.it\/index.php\/wp-json\/wp\/v2\/users\/1"}],"replies":[{"embeddable":true,"href":"https:\/\/smsagri.crea.gov.it\/index.php\/wp-json\/wp\/v2\/comments?post=6"}],"version-history":[{"count":34,"href":"https:\/\/smsagri.crea.gov.it\/index.php\/wp-json\/wp\/v2\/pages\/6\/revisions"}],"predecessor-version":[{"id":369,"href":"https:\/\/smsagri.crea.gov.it\/index.php\/wp-json\/wp\/v2\/pages\/6\/revisions\/369"}],"wp:attachment":[{"href":"https:\/\/smsagri.crea.gov.it\/index.php\/wp-json\/wp\/v2\/media?parent=6"}],"curies":[{"name":"wp","href":"https:\/\/api.w.org\/{rel}","templated":true}]}}